{"id":254,"date":"2012-10-01T13:20:59","date_gmt":"2012-10-01T11:20:59","guid":{"rendered":"http:\/\/www.aldenborg-at.de\/wp\/?page_id=254"},"modified":"2012-12-01T18:56:05","modified_gmt":"2012-12-01T16:56:05","slug":"becas-signal-service","status":"publish","type":"page","link":"https:\/\/www.aldenborg-at.de\/?page_id=254","title":{"rendered":"Signal Service"},"content":{"rendered":"<div class=\"aatcont\">\n<div class=\"aatleft\">\n<img class=\"kachel1\" title=\"BECAS Signal Service\" src=\".\/wp\/wp-content\/uploads\/bss.png\" alt=\"BECAS Signal Service\" \/><br \/>\n<img class=\"kachel1\" title=\"Rohdatenspeicher\" src=\".\/wp\/wp-content\/uploads\/database.png\" alt=\"Rohdatenspeicher\" \/><br \/>\n<img class=\"kachel1\" title=\"Z\u00e4hler - Impulssignale\" src=\".\/wp\/wp-content\/uploads\/pulse.png\" alt=\"Z\u00e4hler - Impulssignale\" \/><br \/>\n<img class=\"kachel1\" title=\"Alarm &amp; Event\" src=\".\/wp\/wp-content\/uploads\/alarm.png\" alt=\"Alarm &amp; Event\" \/>\n<\/div>\n<div class=\"aatright\">\n<strong style=\"font-size: 150%;\">Der erste Schritt&#8230;<\/strong><\/p>\n<p>Der Bereich BECAS Signal Service (<span class=\"aatz\" title=\"BECAS Signal Service\">BSS<\/span>) besteht aus den Modulen:<\/p>\n<ul>\n<li>Dem Dienstprogramm Signal Service selbst mit der zugeh\u00f6rigen Rohdatenspeicherung<\/li>\n<li>Den zum Signal Service geh\u00f6renden Signalerfassungsmodulen f\u00fcr unterschiedliche Eingangssignaltypen<\/li>\n<li>Dem Alarm &amp; Event Modul zur Alarmierung und Ereignismeldung<\/li>\n<\/ul>\n<p><strong>Signal Service<\/strong><br \/>\nDer Signal Service ist wiederum modular aufgebaut. Je nach Konfiguration und Anforderung sind verschiedene Anpassungen aktiviert. Wobei die Art der Signalumsetzung &#8211; ob \u00fcber vorgeschaltete Systeme z.B. SPS-Steuerungen (OPC, TxT) oder direkt \u00fcber angeschaltete IO-Ebenen relevant ist. Die Daten werden in der lokalen Rohdaten &#8211; Database gespeichert.\n<\/p>\n<p><strong>Rohdatenspeicherung<\/strong><br \/>\nJeder Signal Service hat einen Datenspeicher, meist als Rohdatenspeicher bezeichnet, welcher die erfassten Daten speichert.<br \/>\nDarauf aufsetzend gibt es den Datenspeicher des BECAS Central Service (<span class=\"aatz\" title=\"BECAS Central Service\">BCS<\/span>), welche miteinander kommunizieren.\n<\/p>\n<p>\n<strong>Modul Alarm &amp; Event<\/strong><br \/>\nDas Modul Alarm &amp; Event ist sozusagen als st\u00e4ndiges Add-on zu sehen, welches im Falle einer St\u00f6rung Mails oder SMS Meldungen versendet. Aber nicht nur das, viele M\u00f6glichkeiten eines St\u00f6rmanagements sind inkludiert.\n<\/p>\n<\/div>\n<\/div>\n<div class=\"aatextinfo\">\u25ba Fuer weiterf\u00fchrende Informationen bitte anmelden!<\/div>\n","protected":false},"excerpt":{"rendered":"<p>Der erste Schritt&#8230; Der Bereich BECAS Signal Service () besteht aus den Modulen: Dem Dienstprogramm Signal Service selbst mit der zugeh\u00f6rigen Rohdatenspeicherung Den zum Signal Service geh\u00f6renden Signalerfassungsmodulen f\u00fcr unterschiedliche Eingangssignaltypen Dem Alarm &amp; Event Modul zur Alarmierung und Ereignismeldung &hellip; <a href=\"https:\/\/www.aldenborg-at.de\/?page_id=254\">Weiterlesen <span class=\"meta-nav\">&rarr;<\/span><\/a><\/p>\n","protected":false},"author":1,"featured_media":0,"parent":21,"menu_order":1,"comment_status":"closed","ping_status":"closed","template":"Becas20-page.php","meta":[],"_links":{"self":[{"href":"https:\/\/www.aldenborg-at.de\/index.php?rest_route=\/wp\/v2\/pages\/254"}],"collection":[{"href":"https:\/\/www.aldenborg-at.de\/index.php?rest_route=\/wp\/v2\/pages"}],"about":[{"href":"https:\/\/www.aldenborg-at.de\/index.php?rest_route=\/wp\/v2\/types\/page"}],"author":[{"embeddable":true,"href":"https:\/\/www.aldenborg-at.de\/index.php?rest_route=\/wp\/v2\/users\/1"}],"replies":[{"embeddable":true,"href":"https:\/\/www.aldenborg-at.de\/index.php?rest_route=%2Fwp%2Fv2%2Fcomments&post=254"}],"version-history":[{"count":42,"href":"https:\/\/www.aldenborg-at.de\/index.php?rest_route=\/wp\/v2\/pages\/254\/revisions"}],"predecessor-version":[{"id":257,"href":"https:\/\/www.aldenborg-at.de\/index.php?rest_route=\/wp\/v2\/pages\/254\/revisions\/257"}],"up":[{"embeddable":true,"href":"https:\/\/www.aldenborg-at.de\/index.php?rest_route=\/wp\/v2\/pages\/21"}],"wp:attachment":[{"href":"https:\/\/www.aldenborg-at.de\/index.php?rest_route=%2Fwp%2Fv2%2Fmedia&parent=254"}],"curies":[{"name":"wp","href":"https:\/\/api.w.org\/{rel}","templated":true}]}}