{"id":260,"date":"2012-10-02T15:56:46","date_gmt":"2012-10-02T13:56:46","guid":{"rendered":"http:\/\/www.aldenborg-at.de\/wp\/?page_id=260"},"modified":"2012-12-01T19:01:44","modified_gmt":"2012-12-01T17:01:44","slug":"signalumsetzung","status":"publish","type":"page","link":"https:\/\/www.aldenborg-at.de\/?page_id=260","title":{"rendered":"Signalumsetzung"},"content":{"rendered":"<div class=\"aatcont\">\n<div class=\"aatleft\">\n<img class=\"kachel1\" title=\"Z\u00e4hler - Impulssignale\" src=\".\/wp\/wp-content\/uploads\/pulse.png\" alt=\"Z\u00e4hler - Impulssignale\" \/>\n<\/div>\n<div class=\"aatright\">\n<strong style=\"font-size: 150%;\">Die Signalumsetzung (Pulse\/Analog)<\/strong><\/p>\n<p>Im Datenmanagement sind die haupts\u00e4chlich zu erfassenden Signalformen sicherlich Impulse und Analogwerte, welche \u00fcber eine Vorverarbeitung wie Bereichsanpassung oder z.B. 15min Impulsz\u00e4hlung und folgender Impulsbewertung, aufbereitet und gespeichert werden.<br \/>\nWeiterhin sind nat\u00fcrlich auch unterschiedlichste Bussysteme mit z.B. absoluten Z\u00e4hlerst\u00e4nden welche dann differenziell gespeichert werden h\u00e4ufig anzutreffen.<br \/>\nDie Vorverarbeitung \u00fcbernimmt nicht selten SPS- oder andere embedded systems des nahezu un\u00fcberschaubaren Angebots dieser Automatisierungs- und Datenerfassungssysteme.\n<\/p>\n<p><strong>F\u00fcr <span class=\"aatz\">BECAS<span style=\"font-size:75%\">20<\/span><\/span> stehen mehrere Wege die Daten des &#8222;embedded systems&#8220; zu lesen:<\/strong><\/p>\n<ul>\n<li><strong>\u00fcber OPC Server<\/strong><br \/>\nfast alle Hersteller von embedded systems haben (O)pen (P)rocess (C)ontrol Server im ihrer Systeme im Angebot mit welchen sich der BECAS Signal Server (<span class=\"aatz\" title=\"BECAS Signal Service\">BSS<\/span>) als Client verbindet. So kann direkt auf bestehende Systeme aufgebaut &#8211; oder Ihr bereits bestehendes System voll genutzt werden.<\/li>\n<li><strong>\u00fcber TxT files Austausch.<\/strong><br \/>\nFalls bereits Bedien- und Beobachtungssysteme (Scada) vorhanden &#8211; oder bereits in den embedded systems intgriert sind stehen zus\u00e4tzliche Wege zum Datenaustausch \u00fcber Scriptsprachen wie VBA- oder Javscript, \u00fcber Textfiles (XML, JSON, HTML) oder andere Web-Services (z.B. .NET) offen.<\/li>\n<\/ul>\n<p><strong>Es wurden bereits L\u00f6sungen realisiert, wir finden eine L\u00f6sung!<\/strong>\n<\/div>\n<\/div>\n<div class=\"aatextinfo\">\u25ba Fuer weiterf\u00fchrende Informationen bitte anmelden!<\/div>\n","protected":false},"excerpt":{"rendered":"<p>Die Signalumsetzung (Pulse\/Analog) Im Datenmanagement sind die haupts\u00e4chlich zu erfassenden Signalformen sicherlich Impulse und Analogwerte, welche \u00fcber eine Vorverarbeitung wie Bereichsanpassung oder z.B. 15min Impulsz\u00e4hlung und folgender Impulsbewertung, aufbereitet und gespeichert werden. Weiterhin sind nat\u00fcrlich auch unterschiedlichste Bussysteme mit z.B. &hellip; <a href=\"https:\/\/www.aldenborg-at.de\/?page_id=260\">Weiterlesen <span class=\"meta-nav\">&rarr;<\/span><\/a><\/p>\n","protected":false},"author":1,"featured_media":0,"parent":254,"menu_order":1,"comment_status":"closed","ping_status":"closed","template":"Becas20-page.php","meta":[],"_links":{"self":[{"href":"https:\/\/www.aldenborg-at.de\/index.php?rest_route=\/wp\/v2\/pages\/260"}],"collection":[{"href":"https:\/\/www.aldenborg-at.de\/index.php?rest_route=\/wp\/v2\/pages"}],"about":[{"href":"https:\/\/www.aldenborg-at.de\/index.php?rest_route=\/wp\/v2\/types\/page"}],"author":[{"embeddable":true,"href":"https:\/\/www.aldenborg-at.de\/index.php?rest_route=\/wp\/v2\/users\/1"}],"replies":[{"embeddable":true,"href":"https:\/\/www.aldenborg-at.de\/index.php?rest_route=%2Fwp%2Fv2%2Fcomments&post=260"}],"version-history":[{"count":27,"href":"https:\/\/www.aldenborg-at.de\/index.php?rest_route=\/wp\/v2\/pages\/260\/revisions"}],"predecessor-version":[{"id":332,"href":"https:\/\/www.aldenborg-at.de\/index.php?rest_route=\/wp\/v2\/pages\/260\/revisions\/332"}],"up":[{"embeddable":true,"href":"https:\/\/www.aldenborg-at.de\/index.php?rest_route=\/wp\/v2\/pages\/254"}],"wp:attachment":[{"href":"https:\/\/www.aldenborg-at.de\/index.php?rest_route=%2Fwp%2Fv2%2Fmedia&parent=260"}],"curies":[{"name":"wp","href":"https:\/\/api.w.org\/{rel}","templated":true}]}}