{"id":271,"date":"2012-10-05T09:39:55","date_gmt":"2012-10-05T07:39:55","guid":{"rendered":"http:\/\/www.aldenborg-at.de\/wp\/?page_id=271"},"modified":"2012-12-01T19:14:22","modified_gmt":"2012-12-01T17:14:22","slug":"alarm-event","status":"publish","type":"page","link":"https:\/\/www.aldenborg-at.de\/?page_id=271","title":{"rendered":"Alarm &#038; Event"},"content":{"rendered":"<div class=\"aatcont\">\n<div class=\"aatleft\">\n<img class=\"kachel1\" title=\"Alarm &amp; Event\" src=\".\/wp\/wp-content\/uploads\/alarm.png\" alt=\"Alarm &amp; Event\" \/>\n<\/div>\n<div class=\"aatright\">\n<strong style=\"font-size: 150%;\">Alarm &#038; Ereignisbehandlung<\/strong><\/p>\n<p>Nicht nur zur eigenen System\u00fcberwachung, sondern auch oder haupts\u00e4chlich zur Erstellung, Alarmierung und Weiterleitung von analogen und digitalen St\u00f6r-und Ereignismeldungen.<br \/>\nDas Modul Alarm &#038; Event ist als &#8222;Add-In&#8220; im BECAS Signal Service (<span class=\"aatz\" title=\"BECAS Signal Service\">BSS<\/span>) integriert.<br \/>\nDer Alarmversand \u00fcber E-mail oder SMS erfolgt \u00fcber Standard- SMTP Server.<br \/>\nDie Konfiguration erfolgt direkt \u00fcber die Tabellenkalkulation.<br \/>\nSchaltzust\u00e4nde und andere tempor\u00e4re Ereignisse werden in Textdateien (XML) zwischen &#8211; gespeichert &#8211; Meldeschwall wird unterdr\u00fcckt.<br \/>\nDie Anzeige der Alarmliste erfolgt im Internet\/Intranet.<br \/>\nDie Auswertung erfolgt wie \u00fcblich nach Zeitstempel oder Ereignisgruppe. Es stehen neben den g\u00e4ngigen LL &#8211; L&#8212;H &#8211; HH Auswertungen mit Totband- und Hysterese, noch einige besondere, Funktionen bereit.\n<\/p>\n<\/div>\n<\/div>\n<div class=\"aatextinfo\">\u25ba Fuer weiterf\u00fchrende Informationen bitte anmelden!<\/div>\n","protected":false},"excerpt":{"rendered":"<p>Alarm &#038; Ereignisbehandlung Nicht nur zur eigenen System\u00fcberwachung, sondern auch oder haupts\u00e4chlich zur Erstellung, Alarmierung und Weiterleitung von analogen und digitalen St\u00f6r-und Ereignismeldungen. Das Modul Alarm &#038; Event ist als &#8222;Add-In&#8220; im BECAS Signal Service () integriert. Der Alarmversand \u00fcber &hellip; <a href=\"https:\/\/www.aldenborg-at.de\/?page_id=271\">Weiterlesen <span class=\"meta-nav\">&rarr;<\/span><\/a><\/p>\n","protected":false},"author":1,"featured_media":0,"parent":254,"menu_order":3,"comment_status":"closed","ping_status":"closed","template":"Becas20-page.php","meta":[],"_links":{"self":[{"href":"https:\/\/www.aldenborg-at.de\/index.php?rest_route=\/wp\/v2\/pages\/271"}],"collection":[{"href":"https:\/\/www.aldenborg-at.de\/index.php?rest_route=\/wp\/v2\/pages"}],"about":[{"href":"https:\/\/www.aldenborg-at.de\/index.php?rest_route=\/wp\/v2\/types\/page"}],"author":[{"embeddable":true,"href":"https:\/\/www.aldenborg-at.de\/index.php?rest_route=\/wp\/v2\/users\/1"}],"replies":[{"embeddable":true,"href":"https:\/\/www.aldenborg-at.de\/index.php?rest_route=%2Fwp%2Fv2%2Fcomments&post=271"}],"version-history":[{"count":19,"href":"https:\/\/www.aldenborg-at.de\/index.php?rest_route=\/wp\/v2\/pages\/271\/revisions"}],"predecessor-version":[{"id":869,"href":"https:\/\/www.aldenborg-at.de\/index.php?rest_route=\/wp\/v2\/pages\/271\/revisions\/869"}],"up":[{"embeddable":true,"href":"https:\/\/www.aldenborg-at.de\/index.php?rest_route=\/wp\/v2\/pages\/254"}],"wp:attachment":[{"href":"https:\/\/www.aldenborg-at.de\/index.php?rest_route=%2Fwp%2Fv2%2Fmedia&parent=271"}],"curies":[{"name":"wp","href":"https:\/\/api.w.org\/{rel}","templated":true}]}}