{"id":274,"date":"2012-10-05T09:41:57","date_gmt":"2012-10-05T07:41:57","guid":{"rendered":"http:\/\/www.aldenborg-at.de\/wp\/?page_id=274"},"modified":"2012-12-01T19:56:02","modified_gmt":"2012-12-01T17:56:02","slug":"reports-trends","status":"publish","type":"page","link":"https:\/\/www.aldenborg-at.de\/?page_id=274","title":{"rendered":"Reports \/ Trends"},"content":{"rendered":"<div class=\"aatcont\">\n<div class=\"aatleft\">\n<img class=\"kachel1\" title=\"Becas Data Service\" src=\".\/wp\/wp-content\/uploads\/bds.png\" alt=\"Becas Data Service\" \/><br \/>\n<img class=\"kachel1\" title=\"Report und Trends\" src=\".\/wp\/wp-content\/uploads\/report.png\" alt=\"Report und Trends\" \/><br \/>\n<img class=\"kachel1\" title=\"Pr\u00e4sentation in Office-Software\" src=\".\/wp\/wp-content\/uploads\/excel.png\" alt=\"Pr\u00e4sentation in Office-Software\" \/>\n<\/div>\n<div class=\"aatright\">\n<strong style=\"font-size: 150%;\">Ergebnisorientiert &#8230;<\/strong><\/p>\n<p>\nReports, Trends oder schnelle und flexible \u00dcbersichten sind das Merkmal<br \/>\ndes <span class=\"aatz\">BECAS<span style=\"font-size:75%\">20<\/span><\/span> Report- und Berichtswesens.<br \/>\n<span class=\"aatz\" title=\"BECAS Data Service\">BDS<\/span> erstellt aus dem Datenarchiv technische Informations- und<br \/>\nAuswerteberichte, dargestellt z.B. als tabellarische Berichtform oder als<br \/>\nTrenddarstellung.<\/p>\n<p>Der gleiche Bericht kann \u00fcber verschiedene Auswertezeitr\u00e4ume berechnet und angezeigt werden. F\u00fcr langfristige Auswertungen sind durch Integration von Teilberichten unterschiedlicher Zeitr\u00e4ume zusammen darstellbar.<br \/>\nKomplettiert durch eine Vielzahl auf Datenreihen anwendbare mathematische Funktionen bietet die <span class=\"aatz\">BECAS<span style=\"font-size:75%\">20<\/span><\/span> Reports unter anderem folgende Funktionen:<\/p>\n<ul>\n<li>Min\/Max-Auswertung ( auch 2. und 3. Min\/Max) mit Zeitstempel<\/li>\n<li>automatische Umrechnung von Arbeit in Leistung<\/li>\n<li>Kennzahlenberechnungen<\/li>\n<li>mathematische Verkn\u00fcpfung von erfassten und generierten Datenreihen<\/li>\n<\/ul>\n<p>\nViele Auswertungen sind denkbar und m\u00f6glich unter anderem z.B.:<br \/>\nTechnische Informationsberichte f\u00fcr:<br \/>\nTrafostationen, K\u00e4lteanlagen, Blockheizkraftwerke,<br \/>\nBilanzierung physikalischer Z\u00e4hler oder anderen Produktionsprozessdaten<br \/>\nsowie Anlagentopologien oder Verbrauchsgegen\u00fcberstellungen<br \/>\nusw.<\/p>\n<p><a href=\".\/?page_id=53\">\u25ba siehe auch Controlling\/ Abrechnung<\/a>\n<\/div>\n<\/div>\n<div class=\"aatextinfo\">\u25ba Fuer weiterf\u00fchrende Informationen bitte anmelden!<\/div>\n","protected":false},"excerpt":{"rendered":"<p>Ergebnisorientiert &#8230; Reports, Trends oder schnelle und flexible \u00dcbersichten sind das Merkmal des Report- und Berichtswesens. erstellt aus dem Datenarchiv technische Informations- und Auswerteberichte, dargestellt z.B. als tabellarische Berichtform oder als Trenddarstellung. Der gleiche Bericht kann \u00fcber verschiedene Auswertezeitr\u00e4ume berechnet &hellip; <a href=\"https:\/\/www.aldenborg-at.de\/?page_id=274\">Weiterlesen <span class=\"meta-nav\">&rarr;<\/span><\/a><\/p>\n","protected":false},"author":1,"featured_media":0,"parent":264,"menu_order":2,"comment_status":"closed","ping_status":"closed","template":"Becas20-page.php","meta":[],"_links":{"self":[{"href":"https:\/\/www.aldenborg-at.de\/index.php?rest_route=\/wp\/v2\/pages\/274"}],"collection":[{"href":"https:\/\/www.aldenborg-at.de\/index.php?rest_route=\/wp\/v2\/pages"}],"about":[{"href":"https:\/\/www.aldenborg-at.de\/index.php?rest_route=\/wp\/v2\/types\/page"}],"author":[{"embeddable":true,"href":"https:\/\/www.aldenborg-at.de\/index.php?rest_route=\/wp\/v2\/users\/1"}],"replies":[{"embeddable":true,"href":"https:\/\/www.aldenborg-at.de\/index.php?rest_route=%2Fwp%2Fv2%2Fcomments&post=274"}],"version-history":[{"count":14,"href":"https:\/\/www.aldenborg-at.de\/index.php?rest_route=\/wp\/v2\/pages\/274\/revisions"}],"predecessor-version":[{"id":879,"href":"https:\/\/www.aldenborg-at.de\/index.php?rest_route=\/wp\/v2\/pages\/274\/revisions\/879"}],"up":[{"embeddable":true,"href":"https:\/\/www.aldenborg-at.de\/index.php?rest_route=\/wp\/v2\/pages\/264"}],"wp:attachment":[{"href":"https:\/\/www.aldenborg-at.de\/index.php?rest_route=%2Fwp%2Fv2%2Fmedia&parent=274"}],"curies":[{"name":"wp","href":"https:\/\/api.w.org\/{rel}","templated":true}]}}