{"id":291,"date":"2012-10-05T09:47:19","date_gmt":"2012-10-05T07:47:19","guid":{"rendered":"http:\/\/www.aldenborg-at.de\/wp\/?page_id=291"},"modified":"2012-11-30T20:01:31","modified_gmt":"2012-11-30T18:01:31","slug":"konfiguration","status":"publish","type":"page","link":"https:\/\/www.aldenborg-at.de\/?page_id=291","title":{"rendered":"Konfiguration"},"content":{"rendered":"<div class=\"aatcont\">\n<div class=\"aatleft\">\n<img class=\"kachel1\" title=\"Becas Central Service\" src=\".\/wp\/wp-content\/uploads\/bcs.png\" alt=\"Becas Central Service\" \/><br \/>\n<img class=\"kachel1\" title=\"Modul Konfiguration\" src=\".\/wp\/wp-content\/uploads\/config.png\" alt=\"Modul Konfiguration\" \/>\n<\/div>\n<div class=\"aatright\">\n<strong style=\"font-size: 150%;\">aller Dinge Anfang&#8230;<\/strong><\/p>\n<p>Aufbereitete Daten zu nutzen, oder Trends anzuschauen ist das Ergebnis, jedoch spielt f\u00fcr einen, meist kleineren Nutzerkreis die bedienerfreundliche Konfiguration des Systems eine erhebliche Rolle.<br \/>\nWer mal 500 und mehr Datenpunkte in eine Eingabemaske eingegeben hat weiss was das hei\u00dft.<\/p>\n<p>Damit es erst gar nicht dazu kommt, wird in <span class=\"aatz\">BECAS<span style=\"font-size:75%\">20<\/span><\/span> die Konfiguration direkt \u00fcber die Tabellenkalkulation realisiert. Es muss kein Import\/Export Zenario ausgef\u00fchrt werden.<br \/>\nDie Konfigurationstabelle mit allen ben\u00f6tigten Daten und Eingaben wird aufgerufen, gef\u00fcllt oder ge\u00e4ndert und abgespeichert.<\/p>\n<p>Der <span class=\"aatz\" title=\"BECAS Central Service\">BCS<\/span> wird \u00fcber die \u00c4nderungen informiert, l\u00e4d diese und arbeitet die neue Konfiguration ab. So kann auch &#8222;offline&#8220; die Konfiguration vorbereitet und dann aktivert werden.<\/p>\n<p>Wobei anzumerken sei, dass die Einfachheit nat\u00fcrlich entscheidend von der Art und Weise der Signalquelle vorm <span class=\"aatz\" title=\"BECAS Signal Service\">BSS<\/span> abh\u00e4ngt. Einfache Integration und durchg\u00e4ngige Konfiguration ist m\u00f6glich bei Implementierung bestimmter embedded systems.<\/p>\n<\/div>\n<\/div>\n<div class=\"aatextinfo\">\u25ba Fuer weiterf\u00fchrende Informationen bitte anmelden!<\/div>\n","protected":false},"excerpt":{"rendered":"<p>aller Dinge Anfang&#8230; Aufbereitete Daten zu nutzen, oder Trends anzuschauen ist das Ergebnis, jedoch spielt f\u00fcr einen, meist kleineren Nutzerkreis die bedienerfreundliche Konfiguration des Systems eine erhebliche Rolle. Wer mal 500 und mehr Datenpunkte in eine Eingabemaske eingegeben hat weiss &hellip; <a href=\"https:\/\/www.aldenborg-at.de\/?page_id=291\">Weiterlesen <span class=\"meta-nav\">&rarr;<\/span><\/a><\/p>\n","protected":false},"author":1,"featured_media":0,"parent":2,"menu_order":1,"comment_status":"closed","ping_status":"closed","template":"Becas20-page.php","meta":[],"_links":{"self":[{"href":"https:\/\/www.aldenborg-at.de\/index.php?rest_route=\/wp\/v2\/pages\/291"}],"collection":[{"href":"https:\/\/www.aldenborg-at.de\/index.php?rest_route=\/wp\/v2\/pages"}],"about":[{"href":"https:\/\/www.aldenborg-at.de\/index.php?rest_route=\/wp\/v2\/types\/page"}],"author":[{"embeddable":true,"href":"https:\/\/www.aldenborg-at.de\/index.php?rest_route=\/wp\/v2\/users\/1"}],"replies":[{"embeddable":true,"href":"https:\/\/www.aldenborg-at.de\/index.php?rest_route=%2Fwp%2Fv2%2Fcomments&post=291"}],"version-history":[{"count":25,"href":"https:\/\/www.aldenborg-at.de\/index.php?rest_route=\/wp\/v2\/pages\/291\/revisions"}],"predecessor-version":[{"id":833,"href":"https:\/\/www.aldenborg-at.de\/index.php?rest_route=\/wp\/v2\/pages\/291\/revisions\/833"}],"up":[{"embeddable":true,"href":"https:\/\/www.aldenborg-at.de\/index.php?rest_route=\/wp\/v2\/pages\/2"}],"wp:attachment":[{"href":"https:\/\/www.aldenborg-at.de\/index.php?rest_route=%2Fwp%2Fv2%2Fmedia&parent=291"}],"curies":[{"name":"wp","href":"https:\/\/api.w.org\/{rel}","templated":true}]}}