{"id":295,"date":"2012-10-05T09:48:12","date_gmt":"2012-10-05T07:48:12","guid":{"rendered":"http:\/\/www.aldenborg-at.de\/wp\/?page_id=295"},"modified":"2012-11-30T19:36:14","modified_gmt":"2012-11-30T17:36:14","slug":"parameter","status":"publish","type":"page","link":"https:\/\/www.aldenborg-at.de\/?page_id=295","title":{"rendered":"Parameter"},"content":{"rendered":"<div class=\"aatcont\">\n<div class=\"aatleft\">\n<img class=\"kachel1\" title=\"Becas Central Service\" src=\".\/wp\/wp-content\/uploads\/bcs.png\" alt=\"Becas Central Service\" \/><br \/>\n<img class=\"kachel1\" title=\"Modul Converter & Repair\" src=\".\/wp\/wp-content\/uploads\/params.png\" alt=\"Modul Converter & Repair\" \/>\n<\/div>\n<div class=\"aatright\">\n<strong style=\"font-size: 150%;\">die leidige Handarbeit&#8230;<\/strong><\/p>\n<p>\nIn den seltesten F\u00e4llen sind alle Daten automatisch erfasst. Labordaten, Preise, Handz\u00e4hler, usw. m\u00fcssen ins System gepflegt werden.<br \/>\nDas Modul Parameter bietet einfache M\u00f6glichkeiten der Eingabe \u00fcber Excel oder Browser.<br \/>\nAnzeige von Vergleichswerten z.B. Vormonat oder Vortag. Bearbeitung als Teil- und oder Gesamtliste. (Benutzerorientiert).<\/p>\n<\/div>\n<\/div>\n<div class=\"aatextinfo\">\u25ba Fuer weiterf\u00fchrende Informationen bitte anmelden!<\/div>\n","protected":false},"excerpt":{"rendered":"<p>die leidige Handarbeit&#8230; In den seltesten F\u00e4llen sind alle Daten automatisch erfasst. Labordaten, Preise, Handz\u00e4hler, usw. m\u00fcssen ins System gepflegt werden. Das Modul Parameter bietet einfache M\u00f6glichkeiten der Eingabe \u00fcber Excel oder Browser. Anzeige von Vergleichswerten z.B. Vormonat oder Vortag. &hellip; <a href=\"https:\/\/www.aldenborg-at.de\/?page_id=295\">Weiterlesen <span class=\"meta-nav\">&rarr;<\/span><\/a><\/p>\n","protected":false},"author":1,"featured_media":0,"parent":2,"menu_order":3,"comment_status":"closed","ping_status":"closed","template":"Becas20-page.php","meta":[],"_links":{"self":[{"href":"https:\/\/www.aldenborg-at.de\/index.php?rest_route=\/wp\/v2\/pages\/295"}],"collection":[{"href":"https:\/\/www.aldenborg-at.de\/index.php?rest_route=\/wp\/v2\/pages"}],"about":[{"href":"https:\/\/www.aldenborg-at.de\/index.php?rest_route=\/wp\/v2\/types\/page"}],"author":[{"embeddable":true,"href":"https:\/\/www.aldenborg-at.de\/index.php?rest_route=\/wp\/v2\/users\/1"}],"replies":[{"embeddable":true,"href":"https:\/\/www.aldenborg-at.de\/index.php?rest_route=%2Fwp%2Fv2%2Fcomments&post=295"}],"version-history":[{"count":8,"href":"https:\/\/www.aldenborg-at.de\/index.php?rest_route=\/wp\/v2\/pages\/295\/revisions"}],"predecessor-version":[{"id":655,"href":"https:\/\/www.aldenborg-at.de\/index.php?rest_route=\/wp\/v2\/pages\/295\/revisions\/655"}],"up":[{"embeddable":true,"href":"https:\/\/www.aldenborg-at.de\/index.php?rest_route=\/wp\/v2\/pages\/2"}],"wp:attachment":[{"href":"https:\/\/www.aldenborg-at.de\/index.php?rest_route=%2Fwp%2Fv2%2Fmedia&parent=295"}],"curies":[{"name":"wp","href":"https:\/\/api.w.org\/{rel}","templated":true}]}}