{"id":348,"date":"2012-10-05T16:17:27","date_gmt":"2012-10-05T14:17:27","guid":{"rendered":"http:\/\/www.aldenborg-at.de\/wp\/?page_id=348"},"modified":"2012-12-06T17:40:58","modified_gmt":"2012-12-06T15:40:58","slug":"automatisierungssysteme","status":"publish","type":"page","link":"https:\/\/www.aldenborg-at.de\/?page_id=348","title":{"rendered":"Automatisierung &#038; Prozessleittechnik"},"content":{"rendered":"<div class=\"aatcont\">\n<div class=\"aatleft\">\n<img class=\"kachel1\" title=\"Step7 Funktionspl\u00e4ne\" src=\".\/wp\/wp-content\/uploads\/digital.png\" alt=\"Step7 Funktionspl\u00e4ne\" \/><br \/>\n<img class=\"kachel1\" title=\"Wir stehen auf Stand-By - Bereit.\" src=\".\/wp\/wp-content\/uploads\/standby.png\" alt=\"Wir stehen auf Stand-By - Bereit.\" \/><br \/>\n<img class=\"kachel1\" title=\"Die Kosten im Blick.\" src=\".\/wp\/wp-content\/uploads\/euro.png\" alt=\"Die Kosten im Blick.\" \/><br \/>\n<img class=\"kachel1\" title=\"weltweiter Einsatz m\u00f6glich.\" src=\".\/wp\/wp-content\/uploads\/export.png\" alt=\"weltweiter Einsatz m\u00f6glich.\" \/>\n<\/div>\n<div class=\"aatright\">\n<strong>Angeboten wird die gesamte Realisierung einer automatisierungstechnischen Anforderung:<\/strong><\/p>\n<ul>\n<li>Design und Entwurfsplanung<\/li>\n<li>Erstellung von Funktions- und Konfigurationspl\u00e4nen<\/li>\n<li>Umsetzung, Pflichtenhefterstellung und\/oder Programmierung<\/li>\n<li>Inbetriebnahme und Service<\/li>\n<li>SPS Siemens S7- 1200\/ 300\/ 400<br \/>sowie auch noch f\u00fcr S5-95U\/ 115U\/ 135U<\/li>\n<li>oder anderen nach IEC\/EN 61131\/61499 programmierbaren Systemen<\/li>\n<li>Programmierung von Bedieneinheiten, Touchpanels oder gesamten Leitsystemen (Scada).<br \/>Auch als Mehrrechner-, Dual- oder Backupsystem.<br \/>Einsatz markt\u00fcblicher Leitsystemtechnik wie zB. Siemens WinCC, &#8211; flexible, InTouch, oder andere.<\/li>\n<\/ul>\n<p>\n\u25ba Es gibt keine fertige L\u00f6sung Ihrer Anforderung&#8230;?<br \/>\n\u25ba Sie haben eine nicht ganz allt\u00e4gliche Schnittstelle&#8230;?<\/p>\n<p><strong>Genau daf\u00fcr haben wir die richtigen Mittel, um L\u00f6sungen f\u00fcr Sie zu erarbeiten.<br \/>\nJedoch sind auch Standardaufgaben, wie z.B. OPC- Anbindungen gerne willkommen.<\/strong><\/p>\n<\/div>\n<\/div>\n","protected":false},"excerpt":{"rendered":"<p>Angeboten wird die gesamte Realisierung einer automatisierungstechnischen Anforderung: Design und Entwurfsplanung Erstellung von Funktions- und Konfigurationspl\u00e4nen Umsetzung, Pflichtenhefterstellung und\/oder Programmierung Inbetriebnahme und Service SPS Siemens S7- 1200\/ 300\/ 400sowie auch noch f\u00fcr S5-95U\/ 115U\/ 135U oder anderen nach IEC\/EN 61131\/61499 &hellip; <a href=\"https:\/\/www.aldenborg-at.de\/?page_id=348\">Weiterlesen <span class=\"meta-nav\">&rarr;<\/span><\/a><\/p>\n","protected":false},"author":1,"featured_media":0,"parent":313,"menu_order":1,"comment_status":"closed","ping_status":"closed","template":"AAT-page.php","meta":[],"_links":{"self":[{"href":"https:\/\/www.aldenborg-at.de\/index.php?rest_route=\/wp\/v2\/pages\/348"}],"collection":[{"href":"https:\/\/www.aldenborg-at.de\/index.php?rest_route=\/wp\/v2\/pages"}],"about":[{"href":"https:\/\/www.aldenborg-at.de\/index.php?rest_route=\/wp\/v2\/types\/page"}],"author":[{"embeddable":true,"href":"https:\/\/www.aldenborg-at.de\/index.php?rest_route=\/wp\/v2\/users\/1"}],"replies":[{"embeddable":true,"href":"https:\/\/www.aldenborg-at.de\/index.php?rest_route=%2Fwp%2Fv2%2Fcomments&post=348"}],"version-history":[{"count":31,"href":"https:\/\/www.aldenborg-at.de\/index.php?rest_route=\/wp\/v2\/pages\/348\/revisions"}],"predecessor-version":[{"id":903,"href":"https:\/\/www.aldenborg-at.de\/index.php?rest_route=\/wp\/v2\/pages\/348\/revisions\/903"}],"up":[{"embeddable":true,"href":"https:\/\/www.aldenborg-at.de\/index.php?rest_route=\/wp\/v2\/pages\/313"}],"wp:attachment":[{"href":"https:\/\/www.aldenborg-at.de\/index.php?rest_route=%2Fwp%2Fv2%2Fmedia&parent=348"}],"curies":[{"name":"wp","href":"https:\/\/api.w.org\/{rel}","templated":true}]}}