{"id":350,"date":"2012-10-05T16:20:16","date_gmt":"2012-10-05T14:20:16","guid":{"rendered":"http:\/\/www.aldenborg-at.de\/wp\/?page_id=350"},"modified":"2012-12-01T20:24:34","modified_gmt":"2012-12-01T18:24:34","slug":"vba-apps","status":"publish","type":"page","link":"https:\/\/www.aldenborg-at.de\/?page_id=350","title":{"rendered":"Web &#038; Office-Apps"},"content":{"rendered":"<div class=\"aatcont\">\n<div class=\"aatleft\">\n<img class=\"kachel1\" title=\"Javascript VBA-Scripte XML\" src=\".\/wp\/wp-content\/uploads\/script.png\" alt=\"Javascript VBA-Scripte XML\" \/><br \/>\n<img class=\"kachel1\" title=\"Der Web-Standard HTML5\" src=\".\/wp\/wp-content\/uploads\/html5.png\" alt=\"Der Web-Standard HTML5\" \/><br \/>\n<img class=\"kachel1\" title=\"Internet\/Intranet\" src=\".\/wp\/wp-content\/uploads\/at.png\" alt=\"Internet\/Intranet\" \/><br \/>\n<img class=\"kachel1\" title=\"Microsoft Office Excel\" src=\".\/wp\/wp-content\/uploads\/excel.png\" alt=\"Microsoft Office Excel\" \/>\n<\/div>\n<div class=\"aatright\">\n<p><strong style=\"font-size:150%\">Es w\u00e4chst zusammen!<\/strong><br \/>\nDer Internettechnologien nutzende Serverdienst oder Web-Service als Daten- und Anwendungslieferant. Der eigene PC als reiner Host f\u00fcr Web-Apps oder Rich-Client Applikationen.  Die aus dem Internet bekannten Technologien ziehen immer st\u00e4rker in die traditionellen Anwenderprogramme (Office) ein. Updates \u00fcber das Internet sind allt\u00e4glich geworden!<\/p>\n<p>Zur Konfiguration und zur Pr\u00e4sentation werden h\u00e4ufig Tabellenkalkulationsprogramme, welche fast standardisiert auf Benutzer-PC in Unternehmen zur Verf\u00fcgung stehen, eingesetzt. Eine engere und bessere Vernetzung mit schon l\u00e4nger genutzten Datenservices war w\u00fcnschenswert. Die <span class=\"aatz\">AAT<\/span> erkannte fr\u00fchzeitig den Trend um hier auf bereits vorhandenes Wissen in puncto Bedienung und effiziente Nutzbarkeit, mit den sich anbietenden Werkzeugen wie z.B. HTML5, JavaScript oder XML, aufzusetzen.<\/p>\n<p><strong>Die <span class=\"aatz\">AAT<\/span> kann auf eine Vielzahl vorhandener VBA- sowie Javaskripte zur\u00fcckgreifen, um mit diesen effektiv und kosteng\u00fcnstig Ihre Aufgaben und Applikationen zu realisieren.<\/strong><\/p>\n<table>\n<tr>\n<td>\n\u25ba Tabellensysteme zur Energiez\u00e4hlerverwaltung, Datenarchivierung, Rohdatenkontrolle und Archivreparatur (Stichwort: unkontrollierte Rohdaten &#8222;ohne Gew\u00e4hr&#8220;)<\/td>\n<\/tr>\n<tr>\n<td>\n\u25ba Tabellensysteme zur Energieabrechnung,<br \/>\nmit \u00dcbersichten, Umlagen, Kalkulationen, Prognosen und Kundenbl\u00e4ttern.\n<\/td>\n<\/tr>\n<tr>\n<td>\n\u25ba Tabellensysteme zur Anlagen- und Strukturanalyse,<br \/>\nmit Anlagentopologien, Stoffkreisl\u00e4ufen, Bilanzierungskreisen, System\u00fcberwachung und Kontrolle\n<\/td>\n<\/tr>\n<tr>\n<td>\n\u25ba Tabellensysteme zur Einbindung von Daten unterschiedlicher Herkunft: automatisch erfasst, Labordaten, Handablesungen, Scanner, etc.\n<\/td>\n<\/tr>\n<\/table>\n<p><a href=\".\/?page_id=21\">\u25ba siehe auch <span class=\"aatz\">BECAS<span style=\"font-size:75%\">20<\/span><\/span><\/a><br \/>\naktuell eingesetztes Tabellenprogramm: Microsoft Excel 2010 \/ 2013&trade;<br \/>\nderzeit in der \u00dcberarbeitung  Microsoft Office 2013&trade;\n<\/div>\n<\/div>\n","protected":false},"excerpt":{"rendered":"<p>Es w\u00e4chst zusammen! Der Internettechnologien nutzende Serverdienst oder Web-Service als Daten- und Anwendungslieferant. Der eigene PC als reiner Host f\u00fcr Web-Apps oder Rich-Client Applikationen. Die aus dem Internet bekannten Technologien ziehen immer st\u00e4rker in die traditionellen Anwenderprogramme (Office) ein. Updates &hellip; <a href=\"https:\/\/www.aldenborg-at.de\/?page_id=350\">Weiterlesen <span class=\"meta-nav\">&rarr;<\/span><\/a><\/p>\n","protected":false},"author":1,"featured_media":0,"parent":313,"menu_order":2,"comment_status":"closed","ping_status":"closed","template":"AAT-page.php","meta":[],"_links":{"self":[{"href":"https:\/\/www.aldenborg-at.de\/index.php?rest_route=\/wp\/v2\/pages\/350"}],"collection":[{"href":"https:\/\/www.aldenborg-at.de\/index.php?rest_route=\/wp\/v2\/pages"}],"about":[{"href":"https:\/\/www.aldenborg-at.de\/index.php?rest_route=\/wp\/v2\/types\/page"}],"author":[{"embeddable":true,"href":"https:\/\/www.aldenborg-at.de\/index.php?rest_route=\/wp\/v2\/users\/1"}],"replies":[{"embeddable":true,"href":"https:\/\/www.aldenborg-at.de\/index.php?rest_route=%2Fwp%2Fv2%2Fcomments&post=350"}],"version-history":[{"count":40,"href":"https:\/\/www.aldenborg-at.de\/index.php?rest_route=\/wp\/v2\/pages\/350\/revisions"}],"predecessor-version":[{"id":405,"href":"https:\/\/www.aldenborg-at.de\/index.php?rest_route=\/wp\/v2\/pages\/350\/revisions\/405"}],"up":[{"embeddable":true,"href":"https:\/\/www.aldenborg-at.de\/index.php?rest_route=\/wp\/v2\/pages\/313"}],"wp:attachment":[{"href":"https:\/\/www.aldenborg-at.de\/index.php?rest_route=%2Fwp%2Fv2%2Fmedia&parent=350"}],"curies":[{"name":"wp","href":"https:\/\/api.w.org\/{rel}","templated":true}]}}