{"id":93,"date":"2012-09-21T16:56:10","date_gmt":"2012-09-21T14:56:10","guid":{"rendered":"http:\/\/www.aldenborg-at.de\/wp\/?page_id=93"},"modified":"2023-05-15T15:09:06","modified_gmt":"2023-05-15T13:09:06","slug":"impressum","status":"publish","type":"page","link":"https:\/\/www.aldenborg-at.de\/?page_id=93","title":{"rendered":"Impressum"},"content":{"rendered":"<div class=\"aatcont\"><strong style=\"font-size: 150%;\">Angaben gem\u00e4\u00df \u00a7 5 TMG<\/strong><\/p>\n<div id=\"aatlogo\">\n<div class=\"a1\">\n<div class=\"a11\">\u2022Projektmanagement \u2022E-MSR \u2022Programmierung<\/div>\n<div class=\"a12\">\u2022Visualisierung \u2022Datenerfassung \u2022Controlling<\/div>\n<\/div>\n<div class=\"a2\"><span class=\"a21\">Aldenborg.<\/span><span class=\"a22\">AT<\/span><\/p>\n<div class=\"a23\">Automation und Technologie<\/div>\n<\/div>\n<\/div>\n<p><strong>Verantwortlich f\u00fcr den Inhalt nach \u00a7 55 Abs. 2 RStV:<\/strong><\/p>\n<pre style=\"background-color: #e2eaf6; width: 300px;\">Dipl. -Ing. Andreas Aldenborg\nIm Wiesengrund 3 \n48301 Nottuln\n\nmobil     : +49 175 522 7483\nmail      : <a href=\"mailto:info@aldenborg-at.de\">info@aldenborg-at.de<\/a>\nUSt-Id-Nr : DE 207167452\n<\/pre>\n<p>Nach der Ausbildung zum Elektroinstallateur und Studium der Elektrotechnik Fachrichtung Automatisierungstechnik, sowie nachfolgender 10-j\u00e4hriger Berufst\u00e4tigkeit im In- und Ausland wurde das Unternehmen Aldenborg.AT (<span class=\"aatz\">AAT<\/span>) im Jahr 2000 gegr\u00fcndet.<br \/>\nAls Ingenieurb\u00fcro f\u00fcr &#8222;Automation und Technologie&#8220; ist die <span class=\"aatz\">AAT<\/span> nun mehr als 12 Jahre, vorwiegend in nachfolgenden Bereichen t\u00e4tig:<\/p>\n<ul>\n<li>Projektleitung\/ -management\/ -abwicklung f\u00fcr den Bereich der E-MSR des industriellen Anlagenbaus.<\/li>\n<li>Dienstleistungen und Beratung im Bereich des Energiedatenmanagements von der Erfassung (Z\u00e4hler, Messstellen)<br \/>\n\u00fcber die Auswertung und Kontrolle bis zur Abrechnung.<\/li>\n<li>Programmierung und Konfiguration von Automatisierungssystemen (SPS S5\/S7, Prozessleittechnik)<\/li>\n<li>Programmierung von .net Dienstanwendungen (C#), VBA-, und Web- Applikationen (MS-Excel, JavaScript, HTML5)<\/li>\n<\/ul>\n<p><a href=\".\/?page_id=159\">hier weiterlesen&#8230;Aldenborg.AT<\/a><\/p>\n<p><img decoding=\"async\" style=\"background-color: #f4fafc; padding: 6px; width: 200px; height: 19px; margin-top: 10px;\" title=\"Becas20 Datenmanagement\" src=\".\/wp\/wp-content\/uploads\/Becas20_Logo.png\" alt=\"Becas20 Datenmanagement\" \/><br \/>\nIn den letzten Jahren hat sich gezeigt, da\u00df gerade auf dem Gebiet des weiterverarbeitenden Datenmanagements erheblicher Bedarf an einfach aufgebauten und schnell zu erlernenden Programmsystemen wie <span class=\"aatz\">BECAS<span style=\"font-size:75%\">20<\/span><\/span> existiert.<br \/>\n<span class=\"aatz\">BECAS<span style=\"font-size:75%\">20<\/span><\/span> unterst\u00fctzt zum Beispiel bei:<\/p>\n<ul>\n<li>der Rohdatenkontrolle<\/li>\n<li>der Datenspeicherung<\/li>\n<li>der visualisierten und zielgerichtete Datendarstellung von Topologien und Reports im Browser, oder Office Programmen<\/li>\n<li>der Abrechnung (Energieeinkauf\/ verkauf) sowie bei gesetzlichen Nachweisen<\/li>\n<\/ul>\n<p><span class=\"aatz\">BECAS<span style=\"font-size:75%\">20<\/span><\/span> ist exakt zugeschnitten auf kleine und mittlere Unternehmen, welche den Aufwand der Einf\u00fchrung &#8222;gro\u00dfer&#8220; Systeme scheuen, oder diese v\u00f6llig \u00fcberdimensioniert sind. Wer will schon alleine mehr an Lizenzkosten der Basissysteme zahlen, als bei <span class=\"aatz\">BECAS<span style=\"font-size:75%\">20<\/span><\/span> am gesamten betriebsfertigen System. Selbst bei \u00e4hnlichem, ja wenn nicht sogar h\u00f6herem Funktionsumfang.<br \/>\n<a href=\".\/?page_id=21\">hier weiterlesen&#8230;<span class=\"aatz\">BECAS<span style=\"font-size:75%\">20<\/span><\/span><\/a><\/p>\n<\/div>\n<div style=\"font-size: smaller; margin: 50px;\">\n<h2 style=\"font-size: 150%;\">Haftungsausschluss:<\/h2>\n<p><strong>Haftung f\u00fcr Inhalte<\/strong><br \/>\nDie Inhalte unserer Seiten wurden mit gr\u00f6\u00dfter Sorgfalt erstellt. F\u00fcr die Richtigkeit, Vollst\u00e4ndigkeit und Aktualit\u00e4t der Inhalte k\u00f6nnen wir jedoch keine Gew\u00e4hr \u00fcbernehmen. Als Dienstanbieter sind wir gem\u00e4\u00df \u00a7 7 Abs.1 TMG f\u00fcr eigene Inhalte auf diesen Seiten nach den allgemeinen Gesetzen verantwortlich. Nach \u00a7\u00a7 8 bis 10 TMG sind wir als Dienstanbieter jedoch nicht verpflichtet, \u00fcbermittelte oder gespeicherte fremde Informationen zu \u00fcberwachen oder nach Umst\u00e4nden zu forschen, die auf eine rechtswidrige T\u00e4tigkeit hinweisen. Verpflichtungen zur Entfernung oder Sperrung der Nutzung von Informationen nach den allgemeinen Gesetzen bleiben hiervon unber\u00fchrt. Eine diesbez\u00fcgliche Haftung ist jedoch erst ab dem Zeitpunkt der Kenntnis einer konkreten Rechtsverletzung m\u00f6glich. Bei Bekanntwerden von entsprechenden Rechtsverletzungen werden wir diese Inhalte umgehend entfernen.<\/p>\n<p><strong>Haftung f\u00fcr Links<\/strong><br \/>\nUnser Angebot enth\u00e4lt Links zu externen Webseiten Dritter, auf deren Inhalte wir keinen Einfluss haben. Deshalb k\u00f6nnen wir f\u00fcr diese fremden Inhalte auch keine Gew\u00e4hr \u00fcbernehmen. F\u00fcr die Inhalte der verlinkten Seiten ist stets der jeweilige Anbieter oder Betreiber der Seiten verantwortlich. Die verlinkten Seiten wurden zum Zeitpunkt der Verlinkung auf m\u00f6gliche Rechtsverst\u00f6\u00dfe \u00fcberpr\u00fcft. Rechtswidrige Inhalte waren zum Zeitpunkt der Verlinkung nicht erkennbar. Eine permanente inhaltliche Kontrolle der verlinkten Seiten ist jedoch ohne konkrete Anhaltspunkte einer Rechtsverletzung nicht zumutbar. Bei Bekanntwerden von Rechtsverletzungen werden wir derartige Links umgehend entfernen.<\/p>\n<p><strong>Urheberrecht<\/strong><br \/>\nDie durch die Seitenbetreiber erstellten Inhalte und Werke auf diesen Seiten unterliegen dem deutschen Urheberrecht. Die Vervielf\u00e4ltigung, Bearbeitung, Verbreitung und jede Art der Verwertung au\u00dferhalb der Grenzen des Urheberrechtes bed\u00fcrfen der schriftlichen Zustimmung des jeweiligen Autors bzw. Erstellers. Downloads und Kopien dieser Seite sind nur f\u00fcr den privaten, nicht kommerziellen Gebrauch gestattet. Soweit die Inhalte auf dieser Seite nicht vom Betreiber erstellt wurden, werden die Urheberrechte Dritter beachtet. Insbesondere werden Inhalte Dritter als solche gekennzeichnet. Sollten Sie trotzdem auf eine Urheberrechtsverletzung aufmerksam werden, bitten wir um einen entsprechenden Hinweis. Bei Bekanntwerden von Rechtsverletzungen werden wir derartige Inhalte umgehend entfernen.<\/p>\n<p><strong>Datenschutz<\/strong><br \/>\nDie Nutzung unserer Webseite ist in der Regel ohne Angabe personenbezogener Daten m\u00f6glich. Soweit auf unseren Seiten personenbezogene Daten (beispielsweise Name, Anschrift oder eMail-Adressen) erhoben werden, erfolgt dies, soweit m\u00f6glich, stets auf freiwilliger Basis. Diese Daten werden ohne Ihre ausdr\u00fcckliche Zustimmung nicht an Dritte weitergegeben.<\/p>\n<p>Wir weisen darauf hin, dass die Daten\u00fcbertragung im Internet (z.B. bei der Kommunikation per E-Mail) Sicherheitsl\u00fccken aufweisen kann. Ein l\u00fcckenloser Schutz der Daten vor dem Zugriff durch Dritte ist nicht m\u00f6glich.<\/p>\n<p>Der Nutzung von im Rahmen der Impressumspflicht ver\u00f6ffentlichten Kontaktdaten durch Dritte zur \u00dcbersendung von nicht ausdr\u00fccklich angeforderter Werbung und Informationsmaterialien wird hiermit ausdr\u00fccklich widersprochen. Die Betreiber der Seiten behalten sich ausdr\u00fccklich rechtliche Schritte im Falle der unverlangten Zusendung von Werbeinformationen, etwa durch Spam-Mails, vor.<\/p>\n<\/div>\n","protected":false},"excerpt":{"rendered":"<p>Angaben gem\u00e4\u00df \u00a7 5 TMG \u2022Projektmanagement \u2022E-MSR \u2022Programmierung \u2022Visualisierung \u2022Datenerfassung \u2022Controlling Aldenborg.AT Automation und Technologie Verantwortlich f\u00fcr den Inhalt nach \u00a7 55 Abs. 2 RStV: Dipl. -Ing. Andreas Aldenborg Im Wiesengrund 3 48301 Nottuln mobil : +49 175 522 7483 &hellip; <a href=\"https:\/\/www.aldenborg-at.de\/?page_id=93\">Weiterlesen <span class=\"meta-nav\">&rarr;<\/span><\/a><\/p>\n","protected":false},"author":1,"featured_media":0,"parent":0,"menu_order":4,"comment_status":"closed","ping_status":"closed","template":"AATStandard-page.php","meta":[],"_links":{"self":[{"href":"https:\/\/www.aldenborg-at.de\/index.php?rest_route=\/wp\/v2\/pages\/93"}],"collection":[{"href":"https:\/\/www.aldenborg-at.de\/index.php?rest_route=\/wp\/v2\/pages"}],"about":[{"href":"https:\/\/www.aldenborg-at.de\/index.php?rest_route=\/wp\/v2\/types\/page"}],"author":[{"embeddable":true,"href":"https:\/\/www.aldenborg-at.de\/index.php?rest_route=\/wp\/v2\/users\/1"}],"replies":[{"embeddable":true,"href":"https:\/\/www.aldenborg-at.de\/index.php?rest_route=%2Fwp%2Fv2%2Fcomments&post=93"}],"version-history":[{"count":99,"href":"https:\/\/www.aldenborg-at.de\/index.php?rest_route=\/wp\/v2\/pages\/93\/revisions"}],"predecessor-version":[{"id":948,"href":"https:\/\/www.aldenborg-at.de\/index.php?rest_route=\/wp\/v2\/pages\/93\/revisions\/948"}],"wp:attachment":[{"href":"https:\/\/www.aldenborg-at.de\/index.php?rest_route=%2Fwp%2Fv2%2Fmedia&parent=93"}],"curies":[{"name":"wp","href":"https:\/\/api.w.org\/{rel}","templated":true}]}}